{"id":101,"date":"2012-08-08T15:39:54","date_gmt":"2012-08-08T19:39:54","guid":{"rendered":"http:\/\/www.allnblue.com\/quebec\/?page_id=101"},"modified":"2013-07-15T14:07:41","modified_gmt":"2013-07-15T18:07:41","slug":"performancedollars","status":"publish","type":"page","link":"https:\/\/www.allnblue.com\/quebec\/performancedollars\/","title":{"rendered":"Club Priv\u00e9 &#8211; Dollars de Performance"},"content":{"rendered":"<p>Si vous \u00eates sur cette page, c&rsquo;est fort probable que vous ayez re\u00e7u une invitation d&rsquo;un employ\u00e9 allnBlue \u00e0 promouvoir nos offres payantes car vous avez au moins un site \u00e0 fort potentiel de profit. Un ami vous a aussi peut-\u00eatre parl\u00e9 de notre club priv\u00e9.<\/p>\n<p>Nous pouvons vous aider \u00e0 gagner de l&rsquo;argent facilement si votre site re\u00e7oit d\u00e9j\u00e0 du trafic des moteurs de recherche ou \u00e0 faible co\u00fbt si vous recevez du trafic payant de PPC\/PPV\/Achats M\u00e9dias.<\/p>\n<p>Nous nous assurons d&rsquo;avoir les meilleures offres exclusives pour le Qu\u00e9bec et les autres march\u00e9s francophones tels que la France, Belgique, Suisse. Cela ne nous limite pas, car nous avons plusieurs offres canadiennes, am\u00e9ricaines et internationales autant en anglais qu&rsquo;en espagnol.<\/p>\n<p>Nous avons des offres dans plusieurs domaines tels que les coupons, sondages payants, emplois, financier, rencontres en ligne, jeux, voyage.<br \/>\nNous payons le maximum possible par offre (comparez-nous!), et nous payons \u00e0 chaque mois par Paypal. <\/p>\n<p>Si vous avez des questions ou si vous \u00eates un marchand n\u00e9cessitant du trafic, n&rsquo;h\u00e9sitez pas \u00e0 <a href=\"https:\/\/www.allnblue.com\/quebec\/#fifth\">nous contacter<\/a> par courriel de pr\u00e9f\u00e9rence.<\/p>\n<p><strong>> Pour vous inscrire suite \u00e0 une invitation, <a href=\"http:\/\/dollars.allnblue.com\/affiliate\/create_affiliate\/\">cliquez ici<\/a>.<\/strong><\/p>\n<p>Ce sera un plaisir pour nous de faire affaire avec vous.<\/p>\n<p><\/p>","protected":false},"excerpt":{"rendered":"<p>Si vous \u00eates sur cette page, c&rsquo;est fort probable que vous ayez re\u00e7u une invitation d&rsquo;un employ\u00e9 allnBlue \u00e0 promouvoir nos offres payantes car vous avez au moins un site \u00e0 fort potentiel de profit. Un ami vous a aussi peut-\u00eatre parl\u00e9 de notre club priv\u00e9. Nous pouvons vous aider \u00e0 gagner de l&rsquo;argent facilement [&hellip;]<\/p>\n","protected":false},"author":1,"featured_media":0,"parent":0,"menu_order":0,"comment_status":"open","ping_status":"open","template":"","meta":{"footnotes":""},"class_list":["post-101","page","type-page","status-publish","hentry"],"aioseo_notices":[],"_links":{"self":[{"href":"https:\/\/www.allnblue.com\/quebec\/wp-json\/wp\/v2\/pages\/101","targetHints":{"allow":["GET"]}}],"collection":[{"href":"https:\/\/www.allnblue.com\/quebec\/wp-json\/wp\/v2\/pages"}],"about":[{"href":"https:\/\/www.allnblue.com\/quebec\/wp-json\/wp\/v2\/types\/page"}],"author":[{"embeddable":true,"href":"https:\/\/www.allnblue.com\/quebec\/wp-json\/wp\/v2\/users\/1"}],"replies":[{"embeddable":true,"href":"https:\/\/www.allnblue.com\/quebec\/wp-json\/wp\/v2\/comments?post=101"}],"version-history":[{"count":35,"href":"https:\/\/www.allnblue.com\/quebec\/wp-json\/wp\/v2\/pages\/101\/revisions"}],"predecessor-version":[{"id":153,"href":"https:\/\/www.allnblue.com\/quebec\/wp-json\/wp\/v2\/pages\/101\/revisions\/153"}],"wp:attachment":[{"href":"https:\/\/www.allnblue.com\/quebec\/wp-json\/wp\/v2\/media?parent=101"}],"curies":[{"name":"wp","href":"https:\/\/api.w.org\/{rel}","templated":true}]}}