{"id":78,"date":"2012-05-16T20:28:01","date_gmt":"2012-05-17T00:28:01","guid":{"rendered":"http:\/\/www.allnblue.com\/quebec\/?page_id=78"},"modified":"2014-05-21T11:15:22","modified_gmt":"2014-05-21T15:15:22","slug":"plugin-centris-mls-wordpress","status":"publish","type":"page","link":"https:\/\/www.allnblue.com\/quebec\/plugin-centris-mls-wordpress\/","title":{"rendered":"Plugin Centris MLS WordPress"},"content":{"rendered":"<p><\/p>\n<h3>Automatisez votre site WordPress avec le plugin Centris MLS allnBlue !<\/h3>\n<h1>Ce plugin n&rsquo;est plus disponible. Veuillez ne pas nous contacter.<\/h1>\n<p>Vous d\u00e9sirez avoir le site le plus facile d&rsquo;utilisation pour vos clients, alors pourquoi ne pas l&rsquo;\u00eatre aussi pour vous? Avec ce plugin, vos nouvelles propri\u00e9t\u00e9s sur votre [ <strong>Centris MLS Samweb <\/strong>] seront directement int\u00e9gr\u00e9s sur votre site b\u00e2ti sur WordPress avec le plugin gratuit pour agents immobiliers WP-Property.<\/p>\n<h1>Ce plugin n&rsquo;est plus disponible. Veuillez ne pas nous contacter.<\/h1>\n<ul>\n<li>Une nouvelle propri\u00e9t\u00e9 sur Centris ? La voil\u00e0 apparue sur votre site automatiquement !<\/li>\n<li>Une propri\u00e9t\u00e9 vendue ? La voil\u00e0 disparu de votre site ! ( vous pouvez aussi la laiss\u00e9e \u00a0\u00bb vendue \u00a0\u00bb )<\/li>\n<li>Une modification sur Centris ? La voil\u00e0 modifi\u00e9e automatiquement sur votre site !<\/li>\n<\/ul>\n<p>Parlez-en \u00e0 votre programmeur, il trouvera cela ing\u00e9nieux ! <strong>N&rsquo;h\u00e9sitez pas \u00e0 nous contacter au (418) 800-9300 \u00a0pour d\u00e9buter l&rsquo;automatisation \u00e0 aussi peu que 1997$ !<\/strong> Les autres agents immobili\u00e9s seront jaloux de votre site et vous demanderont comment vous pouvez avoir un site si diff\u00e9rent du leur. Vos clients potentiels remarqueront que vous n&rsquo;\u00eates pas qu&rsquo;un simple agent comme les autres gr\u00e2ce \u00e0 votre image enti\u00e8rement diff\u00e9rente et sur mesure. N&rsquo;h\u00e9sitez pas un instant ! En passant, nous fabriquons aussi des sites complets et sur mesure. Alors, si vous avez besoin d&rsquo;un site complet, faites affaire avec nous !<\/p>\n<h1>Ce plugin n&rsquo;est plus disponible. Veuillez ne pas nous contacter.<\/h1>\n<p><\/p>","protected":false},"excerpt":{"rendered":"<p>Automatisez votre site WordPress avec le plugin Centris MLS allnBlue ! Ce plugin n&rsquo;est plus disponible. Veuillez ne pas nous contacter. Vous d\u00e9sirez avoir le site le plus facile d&rsquo;utilisation pour vos clients, alors pourquoi ne pas l&rsquo;\u00eatre aussi pour vous? Avec ce plugin, vos nouvelles propri\u00e9t\u00e9s sur votre [ Centris MLS Samweb ] seront [&hellip;]<\/p>\n","protected":false},"author":1,"featured_media":0,"parent":0,"menu_order":0,"comment_status":"open","ping_status":"open","template":"","meta":{"footnotes":""},"class_list":["post-78","page","type-page","status-publish","hentry"],"aioseo_notices":[],"_links":{"self":[{"href":"https:\/\/www.allnblue.com\/quebec\/wp-json\/wp\/v2\/pages\/78","targetHints":{"allow":["GET"]}}],"collection":[{"href":"https:\/\/www.allnblue.com\/quebec\/wp-json\/wp\/v2\/pages"}],"about":[{"href":"https:\/\/www.allnblue.com\/quebec\/wp-json\/wp\/v2\/types\/page"}],"author":[{"embeddable":true,"href":"https:\/\/www.allnblue.com\/quebec\/wp-json\/wp\/v2\/users\/1"}],"replies":[{"embeddable":true,"href":"https:\/\/www.allnblue.com\/quebec\/wp-json\/wp\/v2\/comments?post=78"}],"version-history":[{"count":6,"href":"https:\/\/www.allnblue.com\/quebec\/wp-json\/wp\/v2\/pages\/78\/revisions"}],"predecessor-version":[{"id":196,"href":"https:\/\/www.allnblue.com\/quebec\/wp-json\/wp\/v2\/pages\/78\/revisions\/196"}],"wp:attachment":[{"href":"https:\/\/www.allnblue.com\/quebec\/wp-json\/wp\/v2\/media?parent=78"}],"curies":[{"name":"wp","href":"https:\/\/api.w.org\/{rel}","templated":true}]}}