{"id":81,"date":"2012-05-16T20:29:26","date_gmt":"2012-05-17T00:29:26","guid":{"rendered":"http:\/\/www.allnblue.com\/quebec\/?page_id=81"},"modified":"2012-05-16T20:29:26","modified_gmt":"2012-05-17T00:29:26","slug":"developpement-programmation-php","status":"publish","type":"page","link":"https:\/\/www.allnblue.com\/quebec\/developpement-programmation-php\/","title":{"rendered":"D\u00e9veloppement Programmation PHP"},"content":{"rendered":"<p><\/p>\n<div id=\"content\">\n<h3>Assurance qualit\u00e9 et maintenance<\/h3>\n<p>Tester votre site web est important. Vous devez effectuer des \u00e9tudes de cas. Prenez quelques personnes (coll\u00e8gues, famille, amis, etc.) qui iront dans chaque coin de votre site web et laissez-les critiquer \u00e0 leur mani\u00e8re votre site, o\u00f9 ils ont \u00e9t\u00e9 confus ou perdus. Utilisez leurs commentaires pour r\u00e9gler ce que vous jugez \u00eatre des probl\u00e8mes. Laissez les retourner tester votre site. Laissez ensuite d&rsquo;autre personnes naviguer sur votre site pour tester et pour voir s&rsquo;ils ont des critiques aussi.<\/p>\n<p>Chez allnBlue, nous testons de mani\u00e8re effective tous nos projets, vous n&rsquo;aurez donc pas le souci de tester vous-m\u00eame.<\/p>\n<p>Une fois que votre site est en ligne, vous devrez d\u00e9cider si ce n&rsquo;est d\u00e9j\u00e0 fait, qui le tiendra \u00e0 jour. Si vous avez une \u00e9quipe \u00e0 l&rsquo;interne, alors vous continuerez probablement avec eux. Vous devrez aussi choisir qui tiendra un oeil sur votre comp\u00e9tition, votre pr\u00e9sence web et qui continuera l&rsquo;optimisation de votre site pour les engins de recherche.<\/p>\n<p>Vous devrez continuer de surveiller vos rangs sur les engins de recherche et vous aurez probablement besoin de calibrer votre liste de mots cl\u00e9s. C&rsquo;est ici que l&#8217;emploi de votre designer ou de votre programmeur fini et que notre t\u00e2che de marketing internet d\u00e9bute.<\/p>\n<h3>Commerce en ligne<\/h3>\n<p>Avec nos services de e-Commerce, vous verrez vos ventes augmenter consid\u00e9rablement, vos co\u00fbts vont descendre et vous trouverez de nouveaux moyens profitables de vendre des produits et services en ligne. Tirez avantage de nos solutions de cr\u00e9ation de commerce en ligne et commencez \u00e0 vendre vos produits et services en ligne et \u00e0 accepter les cartes de cr\u00e9dit majeures et Paypal.<\/p>\n<p>Nos interfaces de vente en ligne fonctionnent exactement de la m\u00eame mani\u00e8re que celles des gros vendeurs tel qu&rsquo;Amazon, e-Bay ou autres et cela rend la t\u00e2che facile \u00e0 vos clients d&rsquo;acheter plusieurs items en une seule transaction. Des fonctions avanc\u00e9es de e-Commerce peuvent \u00eatre int\u00e9gr\u00e9es sur votre site, incluant la gestion de membres, d&rsquo;abonnements, de gestion d&rsquo;inventaire de produits, de commentaires sur produits et beaucoup plus.<\/p>\n<p>Vous pourrez toujours nous parler au t\u00e9l\u00e9phone pour obtenir du support de haute qualit\u00e9 \u00e0 un prix raisonnable.<\/p>\n<h3>Conception web<\/h3>\n<p>Apr\u00e8s le design de votre site, vous devez vous demander quelle sera l&rsquo;architecture de votre site, comment la naviguation mise en place pour les utilisateurs affectera celle pour engins de recherche, que ferez-vous au niveau du CSS, Javascript, W3C?<\/p>\n<p>En plus d&rsquo;utiliser du HTML standard pour votre site, il y a d&rsquo;autres technologies que vous pourrez utiliser. Les plus populaires sont le PHP, le ASP .net, le Flash et l&rsquo;Ajax. Comme toutes technologies, il y a des avantages et des d\u00e9savantages pour chacune d&rsquo;entre-elle.<\/p>\n<p>allnBlue s&rsquo;est b\u00e2tit une expertise dans chacune d&rsquo;entre-elle et saura vous guider dans vos choix technologiques selon vos besoins.<\/p>\n<h3>Cr\u00e9ation d&rsquo;applications iPhone\/BlackBerry<\/h3>\n<p>Lors de la sortie du iPhone 3G, une tonne d&rsquo;applications iPhone ont vus le jour. Avec l&rsquo;exp\u00e9rience que nous avons acquis au niveau du d\u00e9veloppement iPhone, nous sommes int\u00e9ress\u00e9s de vous faire profiter de notre expertise pour explorer les possibilit\u00e9s de la cr\u00e9ation d&rsquo;applications iPhone sur mesure pour votre entreprise ou vos produits. Si vous avez votre application sur d&rsquo;autre t\u00e9l\u00e9phones intelligents et que vous regardez pour l&rsquo;amener sur cette plate-forme, allnBlue pourra vous aider dans votre prise de d\u00e9cision.<\/p>\n<p>N&rsquo;h\u00e9sitez pas \u00e0 demander plus d&rsquo;informations pour nos services de d\u00e9veloppement iPhone &amp; BlackBerry.<\/p>\n<h3>H\u00e9bergement web (Linux, Windows, etc.) *<\/h3>\n<p>Dans notre optique de qualit\u00e9 tout-en-un, allnBlue vous offre d&rsquo;h\u00e9berger vos sites web \u00e0 prix modique sur les serveurs que vous avez besoin, de l&rsquo;h\u00e9bergement partag\u00e9 aux serveurs d\u00e9di\u00e9s. Tous nos plans incluent un acc\u00e8s FTP 24&#215;7, sont h\u00e9berg\u00e9s \u00e0 Montr\u00e9al ou \u00e0 Toronto, des sauvegardes quotidienness, des statistiques web, des adresses courriels, du support et beaucoup plus!<\/p>\n<p>* Nous offrons maintenant avec tous nos plans d&rsquo;h\u00e9bergement la meilleure protection Anti-Spam disponible sur le march\u00e9 (\u00e0 moins d&rsquo;\u00eatre Google) et ce, GRATUITEMENT. Informez-vous!<\/p>\n<h3>Int\u00e9gration (Expression engine, MODx, DotNetNuke, etc.)<\/h3>\n<p>Il y a plusieurs gestionnaires de contenus (CMS) disponibles sur internet, qu&rsquo;ils soient payants ou non. Nous privil\u00e9gions les CMS Open-Source car ils sont gratuits et soutenus par une \u00e9norme communaut\u00e9 de passionn\u00e9s.<\/p>\n<p>allnBlue se sp\u00e9cialise \u00e0 fournir \u00e0 nos clients tous les services d&rsquo;int\u00e9gration d&rsquo;un site \u00e0 un CMS, quelqu&rsquo;il soit. Nous utilisons les standards du web, nous programmons avec les nouvelles directives strictes du web car nos CMS nous le permettent. Nos CMS utilisent Ajax et ce sans nous bloquer \u00e0 un \u00ab\u00a0framework\u00a0\u00bb Javascript quelconque. Vous aurez un gestionnaire de contenu dans une interface web conviviale pour mettre \u00e0 jour vous-m\u00eame votre site selon nos directives et formations pr\u00e9alables.<\/p>\n<p>Avec allnBlue, ajouter du contenu \u00e0 votre site ressemble \u00e9trangement \u00e0 faire du traitement de texte.<\/p>\n<h3>Programmation (PHP, .NET, Flash, etc.)<\/h3>\n<p>PHP est un language de programmation g\u00e9n\u00e9ral et tr\u00e8s populaire sur le web. Il aide les d\u00e9veloppeurs web \u00e0 cr\u00e9er du contenu dynamique pour int\u00e9ragir avec des bases de donn\u00e9es. Tenez pour compte que PHP ne peut \u00eatre utilis\u00e9 seul pour cr\u00e9er des pages web, il est surtout utilis\u00e9 du cot\u00e9 serveur pour des interactions quelconques. ASP .net est tr\u00e8s similaire au language PHP dans le sens qu&rsquo;il sert aux m\u00eame fins, c&rsquo;est-\u00e0-dire d&rsquo;\u00eatre un language de programmation cot\u00e9 serveur, mais il est payant et a ses avantages et ses d\u00e9savantages bien \u00e0 lui.<\/p>\n<p>Flash est devenu un outil populaire en marketing internet et sur la toile en g\u00e9n\u00e9ral. Malheureusement, il peut y avoir des gros d\u00e9savantages \u00e0 son utilisation, alors vous devrez minutieusement d\u00e9terminer si oui ou non votre site en b\u00e9nificiera. Un des avantages de Flash est la facilit\u00e9 avec laquelle nous pouvons faire des animations. Maintenant, nous pouvons faire beaucoup d&rsquo;animations pr\u00e8s du niveau de Flash avec les librairies Javascript jQuery ou MooTools. Cependant, ce n&rsquo;est pas tout le monde qui ont le Flash Player ou qui le veulent tout simplement. C&rsquo;est \u00e0 ce moment qu&rsquo;\u00e9valuer votre audience devient important. C&rsquo;est certain que si vous ciblez une client\u00e8le tr\u00e8s \u00e0 l&rsquo;affut des technologies, vous \u00eates correct. Toutefois, si votre audience est moins technophile, alors vous devrez restez plus conservateur dans les technologies que vous utiliserez sur votre site, tel que le n\u00f4tre. Vous devrez aussi tenir pour compte que Flash ne s&rsquo;indexe pas facilement dans les engins de recherche et que ceci peut vous faire perdre des rangs.<\/p>\n<p>Les programmeurs chez allnBlue peuvent vous faire une programmation sur mesure pour vous et vos besoins particuliers si un syst\u00e8me de gestion de contenu standard ne fait pas l&rsquo;affaire.<\/p>\n<\/div>\n<p><\/p>","protected":false},"excerpt":{"rendered":"<p>Assurance qualit\u00e9 et maintenance Tester votre site web est important. Vous devez effectuer des \u00e9tudes de cas. Prenez quelques personnes (coll\u00e8gues, famille, amis, etc.) qui iront dans chaque coin de votre site web et laissez-les critiquer \u00e0 leur mani\u00e8re votre site, o\u00f9 ils ont \u00e9t\u00e9 confus ou perdus. Utilisez leurs commentaires pour r\u00e9gler ce que [&hellip;]<\/p>\n","protected":false},"author":1,"featured_media":0,"parent":0,"menu_order":0,"comment_status":"open","ping_status":"open","template":"","meta":{"footnotes":""},"class_list":["post-81","page","type-page","status-publish","hentry"],"aioseo_notices":[],"_links":{"self":[{"href":"https:\/\/www.allnblue.com\/quebec\/wp-json\/wp\/v2\/pages\/81","targetHints":{"allow":["GET"]}}],"collection":[{"href":"https:\/\/www.allnblue.com\/quebec\/wp-json\/wp\/v2\/pages"}],"about":[{"href":"https:\/\/www.allnblue.com\/quebec\/wp-json\/wp\/v2\/types\/page"}],"author":[{"embeddable":true,"href":"https:\/\/www.allnblue.com\/quebec\/wp-json\/wp\/v2\/users\/1"}],"replies":[{"embeddable":true,"href":"https:\/\/www.allnblue.com\/quebec\/wp-json\/wp\/v2\/comments?post=81"}],"version-history":[{"count":2,"href":"https:\/\/www.allnblue.com\/quebec\/wp-json\/wp\/v2\/pages\/81\/revisions"}],"predecessor-version":[{"id":83,"href":"https:\/\/www.allnblue.com\/quebec\/wp-json\/wp\/v2\/pages\/81\/revisions\/83"}],"wp:attachment":[{"href":"https:\/\/www.allnblue.com\/quebec\/wp-json\/wp\/v2\/media?parent=81"}],"curies":[{"name":"wp","href":"https:\/\/api.w.org\/{rel}","templated":true}]}}