{"id":84,"date":"2012-05-16T20:34:23","date_gmt":"2012-05-17T00:34:23","guid":{"rendered":"http:\/\/www.allnblue.com\/quebec\/?page_id=84"},"modified":"2012-10-02T19:04:00","modified_gmt":"2012-10-02T23:04:00","slug":"hebergement-web-rapide","status":"publish","type":"page","link":"https:\/\/www.allnblue.com\/quebec\/hebergement-web-rapide\/","title":{"rendered":"H\u00e9bergement web Qu\u00e9bec"},"content":{"rendered":"<p><\/p>\n<div id=\"content\">\n<p>\u00a0 Avec allnBlue, vous trouverez l&rsquo;h\u00e9bergement pour vos besoins sp\u00e9ciaux.<\/p>\n<h3>Est-ce que vos sites web ont \u00e9t\u00e9s ferm\u00e9s pour une raison ou une autre?<\/h3>\n<p>Si oui.. ou non, vous pouvez les h\u00e9berger ici. Nous vendons que de l&rsquo;h\u00e9bergement surveill\u00e9 de qualit\u00e9 pour vos sites \u00ab\u00a0sp\u00e9ciaux\u00a0\u00bb.<\/p>\n<p>Tant que nous ne voyons pas de donn\u00e9es ill\u00e9gales sur nos serveurs, vous serez chez-vous avec notre h\u00e9bergement web de qualit\u00e9.<\/p>\n<h3>\u00cates-vous un d\u00e9butant qui requiert une attention particuli\u00e8re et du support pour rouler vos sites web?<\/h3>\n<p>Internet est complexe. Les techniciens qualifi\u00e9s de allnBlue sont patients. Nous vous tenderont la main pour vous aider \u00e0 rouler vos sites web sans probl\u00e8me.<\/p>\n<h3>Vous trouverez de l&rsquo;aide ici.<\/h3>\n<p>Les techniciens exp\u00e9riment\u00e9s d&rsquo;allnBlue s&rsquo;occupent de vos probl\u00e8mes avant et lorsqu&rsquo;ils arrivent. Nous transf\u00e8reront m\u00eame votre site sur nos serveurs.. GRATUITEMENT* !<\/p>\n<h4>Tous nos plans d&rsquo;h\u00e9bergement incluent :<\/h4>\n<ul>\n<li>\n<h5>Activation Instantan\u00e9e Gratuite<\/h5>\n<\/li>\n<li>\n<h5>Transfert de Site Web Gratuit<\/h5>\n<\/li>\n<li>\n<h5>99.5% de Service Garantie (nous vous rembourseront vos temps morts!)<\/h5>\n<\/li>\n<li>\n<h5>Meilleure protection Anti-Spam avant Google Mail<\/h5>\n<\/li>\n<li>\n<h5>Panneau de Controle Facile \u00e0 Utiliser &amp; Gratuit<\/h5>\n<\/li>\n<li>\n<h5>Support par Courriel Gratuit (vous n&rsquo;\u00eates pas un num\u00e9ro)<\/h5>\n<\/li>\n<li>\n<h5>Des serveurs Rapides et Sous-peupl\u00e9s<\/h5>\n<\/li>\n<li>\n<h5>Sous-Domaines illimit\u00e9s<\/h5>\n<\/li>\n<li>\n<h5>Domaines park\u00e9s illimit\u00e9s<\/h5>\n<\/li>\n<li>\n<h5>Courriels illimit\u00e9s<\/h5>\n<\/li>\n<li>\n<h5>Transferts de courriels illimit\u00e9s<\/h5>\n<\/li>\n<li>\n<h5>Plusieurs logiciels \u00e0 installation instantan\u00e9e<\/h5>\n<\/li>\n<li>\n<h5>100 Bases de donn\u00e9es Mysql 5<\/h5>\n<\/li>\n<li>\n<h5>H\u00e9bergement FFMPEG (avec usage non-abusif)<\/h5>\n<\/li>\n<li>\n<h5>Serveurs Quad-Core haute-performance<\/h5>\n<\/li>\n<li>\n<h5>Coupe-Feux Redondants<\/h5>\n<\/li>\n<li>\n<h5>Surveillance 24\/7 du R\u00e9seau &amp; Support Proactif<\/h5>\n<\/li>\n<li>\n<h5>Plusieurs connections Fibre Optique OC48<\/h5>\n<\/li>\n<li>\n<h5>\u00c9lectricit\u00e9 sur Demande UPS<\/h5>\n<\/li>\n<\/ul>\n<h3><em>Vous recevrez tout ceci \u00e0 des prix incroyables.<\/em><\/h3>\n<p>Voici les plans d&rsquo;h\u00e9bergement de qualit\u00e9 allnBlue :<\/p>\n<p>&nbsp;<\/p>\n<table cellspacing=\"1\" align=\"center\">\n<tbody>\n<tr>\n<td>Startup Plan<\/td>\n<td>Extreme Plan<\/td>\n<td>Hardcore Plan<\/td>\n<\/tr>\n<tr>\n<td>\n<ul>\n<li>9$ CAD\/month<\/li>\n<li>1 Domaine<\/li>\n<li>1GB Espace<\/li>\n<li>10GB Transfert<\/li>\n<li>2.5% Processeur<\/li>\n<\/ul>\n<\/td>\n<td>\n<ul>\n<li>13$ CAD\/month<\/li>\n<li>3 Domaines<\/li>\n<li>10GB Espace<\/li>\n<li>100GB Transfert<\/li>\n<li>5% Processeur<\/li>\n<li>Torrents Accept\u00e9s<\/li>\n<\/ul>\n<\/td>\n<td>\n<ul>\n<li>19$ CAD\/month<\/li>\n<li>5 Domaines<\/li>\n<li>100GB Espace<\/li>\n<li>1000GB Transfert<\/li>\n<li>10% Processeur<\/li>\n<li>Torrents Accept\u00e9s<\/li>\n<li>Adulte Accept<\/li>\n<\/ul>\n<\/td>\n<\/tr>\n<\/tbody>\n<\/table>\n<h3><em>Qu&rsquo;avez-vous besoin de plus?<\/em><\/h3>\n<p>Vous voulez que nous transferions vos sites sur nos serveurs ? Nous le feront gratuitement !<\/p>\n<p><strong>CONTACTEZ-NOUS<\/strong> aintenant pour recevoir plus d&rsquo;informations sur nos plans d&rsquo;h\u00e9bergement avec vos besoins sp\u00e9ciaux.<\/p>\n<p>AUCUNE autre entreprise d&rsquo;h\u00e9bergement n&rsquo;\u00e9quivaut allnBlue pour le service, la qualit\u00e9 et le support technique. Si vous d\u00e9butez sur internet ou si vous avez des besoins \u00ab\u00a0sp\u00e9ciaux\u00a0\u00bb, allnBlue a l&rsquo;h\u00e9bergement que vous avez besoin.<\/p>\n<p>H\u00e9bergez vos sites chez-nous pour un temps de service garantie et un transfert sans tracas sur nos serveurs.<\/p>\n<p><strong>CONTACTEZ-NOUS<\/strong> maintenant pour apprendre ce que vous pouvons faire pour vous.<\/p>\n<\/div>\n<p><\/p>","protected":false},"excerpt":{"rendered":"<p>\u00a0 Avec allnBlue, vous trouverez l&rsquo;h\u00e9bergement pour vos besoins sp\u00e9ciaux. Est-ce que vos sites web ont \u00e9t\u00e9s ferm\u00e9s pour une raison ou une autre? Si oui.. ou non, vous pouvez les h\u00e9berger ici. Nous vendons que de l&rsquo;h\u00e9bergement surveill\u00e9 de qualit\u00e9 pour vos sites \u00ab\u00a0sp\u00e9ciaux\u00a0\u00bb. Tant que nous ne voyons pas de donn\u00e9es ill\u00e9gales sur [&hellip;]<\/p>\n","protected":false},"author":1,"featured_media":0,"parent":0,"menu_order":0,"comment_status":"open","ping_status":"open","template":"","meta":{"footnotes":""},"class_list":["post-84","page","type-page","status-publish","hentry"],"aioseo_notices":[],"_links":{"self":[{"href":"https:\/\/www.allnblue.com\/quebec\/wp-json\/wp\/v2\/pages\/84","targetHints":{"allow":["GET"]}}],"collection":[{"href":"https:\/\/www.allnblue.com\/quebec\/wp-json\/wp\/v2\/pages"}],"about":[{"href":"https:\/\/www.allnblue.com\/quebec\/wp-json\/wp\/v2\/types\/page"}],"author":[{"embeddable":true,"href":"https:\/\/www.allnblue.com\/quebec\/wp-json\/wp\/v2\/users\/1"}],"replies":[{"embeddable":true,"href":"https:\/\/www.allnblue.com\/quebec\/wp-json\/wp\/v2\/comments?post=84"}],"version-history":[{"count":5,"href":"https:\/\/www.allnblue.com\/quebec\/wp-json\/wp\/v2\/pages\/84\/revisions"}],"predecessor-version":[{"id":188,"href":"https:\/\/www.allnblue.com\/quebec\/wp-json\/wp\/v2\/pages\/84\/revisions\/188"}],"wp:attachment":[{"href":"https:\/\/www.allnblue.com\/quebec\/wp-json\/wp\/v2\/media?parent=84"}],"curies":[{"name":"wp","href":"https:\/\/api.w.org\/{rel}","templated":true}]}}