{"id":87,"date":"2012-05-16T20:39:34","date_gmt":"2012-05-17T00:39:34","guid":{"rendered":"http:\/\/www.allnblue.com\/quebec\/?page_id=87"},"modified":"2012-05-16T20:39:34","modified_gmt":"2012-05-17T00:39:34","slug":"marketing-local-2-0","status":"publish","type":"page","link":"https:\/\/www.allnblue.com\/quebec\/marketing-local-2-0\/","title":{"rendered":"Marketing Local 2.0"},"content":{"rendered":"<p><\/p>\n<div id=\"content\">\n<p><a href=\"https:\/\/www.allnblue.com\/quebec\/wp-content\/uploads\/2012\/05\/marketinglocal.png\"><img loading=\"lazy\" decoding=\"async\" class=\"alignnone size-full wp-image-88\" title=\"marketinglocal\" src=\"https:\/\/www.allnblue.com\/quebec\/wp-content\/uploads\/2012\/05\/marketinglocal.png\" alt=\"\" width=\"239\" height=\"46\" \/><\/a><\/p>\n<p>Les services de Marketing Local 2.0 de allnBlue sont indispensables aux entreprises ayant une client\u00e8le cible locale telle des vendeurs automobiles, m\u00e9caniciens, avocats, notaires, agents hypoth\u00e9caires, formateurs priv\u00e9s, assureurs, consultants, d\u00e9m\u00e9nageurs, comptables, exterminateurs, h\u00f4teliers, agences de voyages, fleuristes, salons de coiffure et j&rsquo;en passe.<\/p>\n<ul>\n<li>\n<h5>Les gens cherchent sur Google parce que vos dollars en publicit\u00e9 traditionnelle ne sont pas cibl\u00e9s.<\/h5>\n<\/li>\n<li>\n<h5>Optez pour le meilleur r\u00e9f\u00e9rencement naturel au Qu\u00e9bec avant vos comp\u00e9titeurs.<\/h5>\n<\/li>\n<li>\n<h5>Soyez devant vos clients lorsqu&rsquo;ils ont besoin de vous.<\/h5>\n<\/li>\n<\/ul>\n<h3>OFFRE \u00c0 DUR\u00c9E LIMIT\u00c9E : PROFITEZ DU PREMIER MOIS GRATUIT SANS CONTRAT !<\/h3>\n<p>Seul ou de pair avec nos autres services web, le Marketing Local 2.0 offre la chance aux petites et moyennes entreprises du Qu\u00e9bec et d&rsquo;ailleurs de recevoir autant de visibilit\u00e9 sur les moteurs de recherche et les r\u00e9seaux sociaux que les grandes entreprises sans pour autant exploser leur budget de publicit\u00e9.<\/p>\n<p>Que vous ayez un site web ou non, que vous utilisiez les pages jaunes ou non, que vous payiez pour de la publicit\u00e9 radio ou non, votre entreprise changera du tout au tout en moins d&rsquo;un mois en utilisant nos services de Marketing Local 2.0 et ce, toujours sans contrat.<\/p>\n<p>Vous passerez d&rsquo;une entreprise qui n&rsquo;avait aucune visibilit\u00e9 ou presque sur Internet \u00e0 une entreprise qui est en 1er devant les gens qui recherchent vos services sur leur ordinateur ou sur leur t\u00e9l\u00e9phone cellulaire.<\/p>\n<h3>Vos statistiques web ressemblent \u00e0 \u00e7a ?<\/h3>\n<p>Bien entendu, pour assurer la qualit\u00e9 et l&rsquo;int\u00e9grit\u00e9 des services de Marketing Local 2.0, allnBlue s&rsquo;engage \u00e0 n&rsquo;offrir le service qu&rsquo;\u00e0 un maximum de trois entreprises du m\u00eame cr\u00e9neau par localit\u00e9.<\/p>\n<p><strong>Pour 245$ ou plus par mois (nous discuterons du prix ensemble), vous aurez l&rsquo;opportunit\u00e9 d&rsquo;utiliser :<\/strong><\/p>\n<ul>\n<li>Un site web sp\u00e9cialis\u00e9 pour votre domaine r\u00e9f\u00e9renc\u00e9 naturellement par les experts en r\u00e9f\u00e9rencement au Qu\u00e9bec<\/li>\n<li>Un site web optimis\u00e9 pour les ordinateurs, les t\u00e9l\u00e9phones cellulaires et les tablettes<\/li>\n<li>Le r\u00e9f\u00e9rencement Local* sur tous les moteurs de recherche (Google Places, etc.)<\/li>\n<li>Le meilleur r\u00e9f\u00e9rencement naturel et payant* au Qu\u00e9bec<\/li>\n<li>Du marketing 2.0 sur Facebook, Youtube et Twitter*<\/li>\n<li>Le site comprendra votre nom, logo, adresse &amp; num\u00e9ro de t\u00e9l\u00e9phone<\/li>\n<li>Le site comprendra une carte et un itin\u00e9raire<\/li>\n<li>Le site comprendra vos marques disponibles, vos produits et services, vos sp\u00e9cialit\u00e9s<\/li>\n<li>Le site comprendra vos heures d&rsquo;ouverture, vos m\u00e9thodes de paiement ainsi que vos langues de communication<\/li>\n<li>Vous pourrez inclure certains textes descriptifs de votre entreprise<\/li>\n<li>Une page d\u00e9di\u00e9e aux statistiques en direct de votre site Local 2.0<\/li>\n<li>Rapport mensuel sur le positionnement de votre site Local 2.0 ainsi que les comportements des utilisateurs sur ce site<\/li>\n<li>Rapport mensuel sur les appels re\u00e7us*<\/li>\n<\/ul>\n<p><ins>Prenez rendez-vous d\u00e8s aujourd&rsquo;hui pour profiter de cette opportunit\u00e9 hors du commun!<\/ins><\/p>\n<h3>Vous sourirez avec nos services de Marketing Local 2.0<\/h3>\n<h5>Comment \u00e7a fonctionne?<\/h5>\n<ol>\n<li>Prenez rendez-vous avec un sp\u00e9cialiste du Marketing Local d\u00e8s aujourd&rsquo;hui pour \u00e9tablir vos besoins selon votre cr\u00e9neau, votre industrie et votre march\u00e9.<\/li>\n<li>Nos sp\u00e9cialistes s&rsquo;assureront de d\u00e9marrer votre campagne du bon pied et vous recevrez vos premiers clients d\u00e8s le premier mois!<\/li>\n<li>Nous optimiserons votre campagne sans cesse, tant que vous demeurez avec nous!<\/li>\n<li>Vous recevrez un rapport mensuel indiquant en d\u00e9tail le comportement des utilisateurs sur votre site Local 2.0.<\/li>\n<\/ol>\n<p>&nbsp;<\/p>\n<p>* Chaques services de marketing local 2.0 sont cr\u00e9\u00e9s rapidement sur mesure. Les site internet du marketing local 2.0 demeurent la propri\u00e9t\u00e9 de allnBlue en tout temps. Le r\u00e9f\u00e9rencement local, payant et social est optionnel et d\u00e9pend de vos besoins. Pour recevoir des rapports sur les appels re\u00e7us sur votre site de marketing local 2.0, il vous faut une campagne d&rsquo;un minimum de 495$\/mois.<\/p>\n<\/div>\n<p><\/p>","protected":false},"excerpt":{"rendered":"<p>Les services de Marketing Local 2.0 de allnBlue sont indispensables aux entreprises ayant une client\u00e8le cible locale telle des vendeurs automobiles, m\u00e9caniciens, avocats, notaires, agents hypoth\u00e9caires, formateurs priv\u00e9s, assureurs, consultants, d\u00e9m\u00e9nageurs, comptables, exterminateurs, h\u00f4teliers, agences de voyages, fleuristes, salons de coiffure et j&rsquo;en passe. Les gens cherchent sur Google parce que vos dollars en publicit\u00e9 [&hellip;]<\/p>\n","protected":false},"author":1,"featured_media":0,"parent":0,"menu_order":0,"comment_status":"open","ping_status":"open","template":"","meta":{"footnotes":""},"class_list":["post-87","page","type-page","status-publish","hentry"],"aioseo_notices":[],"_links":{"self":[{"href":"https:\/\/www.allnblue.com\/quebec\/wp-json\/wp\/v2\/pages\/87","targetHints":{"allow":["GET"]}}],"collection":[{"href":"https:\/\/www.allnblue.com\/quebec\/wp-json\/wp\/v2\/pages"}],"about":[{"href":"https:\/\/www.allnblue.com\/quebec\/wp-json\/wp\/v2\/types\/page"}],"author":[{"embeddable":true,"href":"https:\/\/www.allnblue.com\/quebec\/wp-json\/wp\/v2\/users\/1"}],"replies":[{"embeddable":true,"href":"https:\/\/www.allnblue.com\/quebec\/wp-json\/wp\/v2\/comments?post=87"}],"version-history":[{"count":1,"href":"https:\/\/www.allnblue.com\/quebec\/wp-json\/wp\/v2\/pages\/87\/revisions"}],"predecessor-version":[{"id":89,"href":"https:\/\/www.allnblue.com\/quebec\/wp-json\/wp\/v2\/pages\/87\/revisions\/89"}],"wp:attachment":[{"href":"https:\/\/www.allnblue.com\/quebec\/wp-json\/wp\/v2\/media?parent=87"}],"curies":[{"name":"wp","href":"https:\/\/api.w.org\/{rel}","templated":true}]}}