{"id":90,"date":"2012-05-16T20:40:59","date_gmt":"2012-05-17T00:40:59","guid":{"rendered":"http:\/\/www.allnblue.com\/quebec\/?page_id=90"},"modified":"2012-05-16T21:53:04","modified_gmt":"2012-05-17T01:53:04","slug":"referencement-naturel","status":"publish","type":"page","link":"https:\/\/www.allnblue.com\/quebec\/referencement-naturel\/","title":{"rendered":"R\u00e9f\u00e9rencement Naturel Organique"},"content":{"rendered":"<p><\/p>\n<div id=\"content\">Les gens cherchent sur Google parce que vos dollars en publicit\u00e9 traditionnelle ne sont pas cibl\u00e9s.<\/div>\n<div><\/div>\n<div>Optez pour le meilleur r\u00e9f\u00e9rencement naturel au Qu\u00e9bec avant vos comp\u00e9titeurs.<\/div>\n<div><\/div>\n<div>Soyez devant vos clients lorsqu&rsquo;ils ont besoin de vous.<\/div>\n<div><\/div>\n<div id=\"content\">\n<h3><a title=\"Plans de R\u00e9f\u00e9rencement allnBlue - PDF\" href=\"https:\/\/www.allnblue.com\/quebec\/plans-seo-allnblue.pdf\"> T\u00e9l\u00e9chargez nos plans de r\u00e9f\u00e9rencement ici<\/a><\/h3>\n<p>&nbsp;<\/p>\n<p>Veuillez noter que nos plans de r\u00e9f\u00e9rencement sont cr\u00e9\u00e9s avec les petites et moyennes entreprises \u00e0 l&rsquo;esprit. Si vous repr\u00e9sentez une grande entreprise ou m\u00eame une PME, il se peut que ces plans ne vous conviennent pas. Pour le savoir, veuillez nous contacter et nous vous \u00e9clairerons sur vos possibilit\u00e9s.<\/p>\n<h3>Analyse &amp; audit de sites web<\/h3>\n<p>Les services d&rsquo;analyse de sites web par allnBlue sont cr\u00e9\u00e9s de mani\u00e8re \u00e0 donner au client une critique en profondeur de leur site, en identifiant les endroits o\u00f9 les am\u00e9liorations peuvent et doivent \u00eatre faites. Ce service produit un rapport de 10 \u00e0 plus de 100 pages couvrant les facteurs majeurs d&rsquo;optimisation de site web qui sont implant\u00e9s ou non sur votre site. Nous allons identifier les barri\u00e8res qui vous emp\u00eachent d&rsquo;\u00eatre affich\u00e9s dans les premiers pour vos termes cibl\u00e9s. Lors de la plupart de projets de r\u00e9f\u00e9rencement, c&rsquo;est souvent la premi\u00e8re et la plus importante \u00e9tape pour arriver \u00e0 bon port.<\/p>\n<p>Au d\u00e9part, il y a une entrevue o\u00f9 nous parlerons avec vous pour nous familiariser avec votre mod\u00e8le d&rsquo;affaire, votre client\u00e8le cible, vos objectifs et vos buts. Suite \u00e0 cela, nous ferons une v\u00e9rification des facteurs cl\u00e9s sur votre site web.\u00a0 Cette \u00e9valuation comprendra des sujets tels que l&rsquo;architecture du site, la construction des pages, la configuration du serveur ainsi que la popularit\u00e9\u00a0 de celui-ci. Apr\u00e8s cette \u00e9valuation, un rapport sera construit pour pouvoir discuter des probl\u00e8mes \u00e0 faire face pour am\u00e9liorer vos rangs, ainsi que des suggestions et des instructions pour les r\u00e9gler. Ce rapport incluera aussi vos rangs pour vos mots cl\u00e9s cibl\u00e9s.<\/p>\n<p>L&rsquo;analyse de votre site web par allnBlue fait partie int\u00e9grante de votre pr\u00e9sence web.<\/p>\n<h3>Campagnes de marketing par courriel<\/h3>\n<p>Les campagnes de marketing courriel sont le moyen facile, efficace et abordable de faire revenir votre client\u00e8le. En utilisant des courriels attrayants et au regard professionnel, cela vous aidera \u00e0 cr\u00e9er des relations-client tr\u00e8s fortes.<\/p>\n<p>Les fils de nouvelles par courriel (newsletters) sont rapides et abordables. Vous pouvez les envoyer plus r\u00e9guli\u00e8rement que celles par papier. Le marketing par courriel vous met directement dans les boites courriel de vos clients contrairement aux courriels normaux qui sont bloqu\u00e9s par les filtres de pourriel (spam) alors vous \u00eates vus par plus de gens.<\/p>\n<p>Si vous voulez augmenter l&rsquo;impact de vos courriels marketing alors cr\u00e9ez des plus petites bases de donn\u00e9es de clients tri\u00e9es par int\u00e9r\u00eats ou autres donn\u00e9es que vous avez. Vous pourrez alors envoyer des messages plus cibl\u00e9s et en rapport \u00e0 eux ce qui fait qu&rsquo;ils r\u00e9pondront et appr\u00e9cieront plus.<\/p>\n<p>Vous verrez ceux qui ont ouvert vos courriels, qui les ont transf\u00e9r\u00e9s \u00e0 leurs amis, et \u00e0 qui vous devez les renvoyer. Vous pourrez aussi voir qui a cliqu\u00e9 sur quoi vous permettant ainsi de mieux comprendre ce que les gens sont int\u00e9ress\u00e9s \u00e0 lire.<\/p>\n<h3>Optimisation sur et hors de votre site web<\/h3>\n<p>allnBlue s&rsquo;est taill\u00e9e une expertise en optimisation de sites web, en passant de l&rsquo;optimisation de vos pages web jusqu&rsquo;\u00e0 la cr\u00e9ation de liens pour rendre votre site plus populaire aux yeux des engins de recherche.<\/p>\n<p>Nous d\u00e9butons par une recherche de mots cl\u00e9s cibl\u00e9s qui peuvent vous rapporter, nous vous sugg\u00e9rerons une liste de ces mots cl\u00e9s et vous choisirez ceux que vous pr\u00e9f\u00e9rez selon nos directions &amp; conseils. Suite \u00e0 cela, viendra la recherche et l&rsquo;analyse de la comp\u00e9tition car c&rsquo;est une des phases tr\u00e8s importante. En plus de\u00a0 la recherche et de l&rsquo;analyse, nous modifierons vos pages web tout au long du projet car l&rsquo;optimisation de site web est un processus optimal lorsque continu.<\/p>\n<p>Nous soumettrons vos pages web aux engins de recherche principaux et aux r\u00e9pertoires de votre domaine. Nous identifierons des sites et endroits possibles pour placer des liens vers votre site lorsqu&rsquo;il aura un contenu riche et optimis\u00e9. Nous consid\u00e9rons les liens des autres sites vers le v\u00f4tre comme \u00e9tant vital pour le placement \u00e0 long terme de votre site dans le haut du pav\u00e9 de Google. Vous voulez que des sites de qualit\u00e9 cr\u00e9ent des liens vers vous et non pas un tas de sites qui n&rsquo;ont aucune valeur aux yeux des engins de recherche.<\/p>\n<h3>Marketing social &amp; viral<\/h3>\n<p>Le traffic web des plateformes sociales et l&rsquo;interaction de ses usag\u00e9s ne cessent d&rsquo;augmenter \u00e0 chaque jour et pr\u00e9sentent donc une opportunit\u00e9 pour les entreprises qui cherchent \u00e0 \u00e9tendre leur exposition en ligne et la reconnaissance de leur marque. Pendant que d&rsquo;autres entreprises de marketing internet voient le marketing social &amp; viral comme un simple moyen de cr\u00e9er des \u00ab\u00a0Link Bait\u00a0\u00bb ou d&rsquo;augmenter la r\u00e9putation de leurs clients, allnBlue voit en les m\u00e9dias sociaux une opportunit\u00e9 d&rsquo;aider ses clients pour construire une strat\u00e9gie de recherche universelle utilisant toutes les formes digitales possibles (m\u00e9dias riches, vid\u00e9os, images, int\u00e9ractions, concours, etc.)<\/p>\n<p>Nos services de marketing social sont pour les entreprises d\u00e9sirant oeuvrer avec les meilleures pratiques du marketing Web 2.0 pour extensionner leur marketing en-ligne traditionnel.<\/p>\n<p>Vous pourrez b\u00e9nificier de plusieurs avantages dont une reconnaissance de votre marque internationale, de la cr\u00e9ation de liens forts, une gestion de votre r\u00e9putation plus serr\u00e9e et une recherche universelle (images, vid\u00e9os, etc.) am\u00e9lior\u00e9e.<\/p>\n<p>Alors que l&rsquo;optimisation standard de votre site web augmente l&rsquo;appr\u00e9ciation des engins de recherche \u00e0 l&rsquo;\u00e9gard de votre site, le marketing social valorise votre marque, vos produits et vos services aux yeux de groupes d&rsquo;utilisateurs web.<\/p>\n<h3>R\u00e9f\u00e9rencement payant<\/h3>\n<p>Nous comprenons le co\u00fbt en argent et en temps de la gestion d&rsquo;une campagne de PPC (Paie par Clic) et nous offrons nos services professionnels de gestion de PPC pour vous aider \u00e0 g\u00e9rer vos comptes.<\/p>\n<p>Nos services professionnels de gestion de\u00a0 campagne de r\u00e9f\u00e9rencement payant incluent la surveillance manuelle des mises (bids) sur vos termes cibl\u00e9s, une baisse du co\u00fbt par clic que vous payez, et un minimum et un maximum \u00e0 payer par terme.<\/p>\n<p>Tout d&rsquo;abord nous d\u00e9finissons vos buts de Co\u00fbt par Clic, Co\u00fbt par Vente et les mettons en pratique dans vos compte de PPC (Google, Yahoo, Bing, Toile du Qu\u00e9bec, etc.). Nous \u00e9valuons et analysons vos titres, descriptions et vos pages d&rsquo;arriv\u00e9e pour chaque mot cl\u00e9. Ensuite, nous \u00e9tablissons un plan pour optimiser les mots cl\u00e9s, les titres et les descriptions. Nous am\u00e9liorons les titres, les descriptions pour chaque mot cl\u00e9. De plus, nous rendons vos comptes au niveau d&rsquo;ambassadeur pour augmenter la vitesse d&rsquo;\u00e9valuation des mod\u00e9rateurs.<\/p>\n<p>Nous vous sugg\u00e9rerons et implanterons des am\u00e9liorations pour vos campagnes et testerons p\u00e9riodiquement de nouvelles combinaisons.<\/p>\n<\/div>\n<p><\/p>","protected":false},"excerpt":{"rendered":"<p>Les gens cherchent sur Google parce que vos dollars en publicit\u00e9 traditionnelle ne sont pas cibl\u00e9s. Optez pour le meilleur r\u00e9f\u00e9rencement naturel au Qu\u00e9bec avant vos comp\u00e9titeurs. Soyez devant vos clients lorsqu&rsquo;ils ont besoin de vous. T\u00e9l\u00e9chargez nos plans de r\u00e9f\u00e9rencement ici &nbsp; Veuillez noter que nos plans de r\u00e9f\u00e9rencement sont cr\u00e9\u00e9s avec les petites [&hellip;]<\/p>\n","protected":false},"author":1,"featured_media":0,"parent":0,"menu_order":0,"comment_status":"open","ping_status":"open","template":"","meta":{"footnotes":""},"class_list":["post-90","page","type-page","status-publish","hentry"],"aioseo_notices":[],"_links":{"self":[{"href":"https:\/\/www.allnblue.com\/quebec\/wp-json\/wp\/v2\/pages\/90","targetHints":{"allow":["GET"]}}],"collection":[{"href":"https:\/\/www.allnblue.com\/quebec\/wp-json\/wp\/v2\/pages"}],"about":[{"href":"https:\/\/www.allnblue.com\/quebec\/wp-json\/wp\/v2\/types\/page"}],"author":[{"embeddable":true,"href":"https:\/\/www.allnblue.com\/quebec\/wp-json\/wp\/v2\/users\/1"}],"replies":[{"embeddable":true,"href":"https:\/\/www.allnblue.com\/quebec\/wp-json\/wp\/v2\/comments?post=90"}],"version-history":[{"count":7,"href":"https:\/\/www.allnblue.com\/quebec\/wp-json\/wp\/v2\/pages\/90\/revisions"}],"predecessor-version":[{"id":93,"href":"https:\/\/www.allnblue.com\/quebec\/wp-json\/wp\/v2\/pages\/90\/revisions\/93"}],"wp:attachment":[{"href":"https:\/\/www.allnblue.com\/quebec\/wp-json\/wp\/v2\/media?parent=90"}],"curies":[{"name":"wp","href":"https:\/\/api.w.org\/{rel}","templated":true}]}}